{"id":4266,"date":"2019-10-16T16:13:42","date_gmt":"2019-10-16T16:13:42","guid":{"rendered":"http:\/\/cmfplus.fancybox.work\/faq\/"},"modified":"2020-08-20T14:09:48","modified_gmt":"2020-08-20T12:09:48","slug":"faq","status":"publish","type":"page","link":"https:\/\/cmfplus.pl\/en\/faq\/","title":{"rendered":"FAQ"},"content":{"rendered":"<div class=\"wpb-content-wrapper\"><p>[vc_row css=&#8221;.vc_custom_1575381975121{padding-top: 85px !important;padding-bottom: 55px !important;}&#8221;][vc_column css=&#8221;.vc_custom_1575381822868{padding-bottom: 30px !important;}&#8221;][vc_tta_tour shape=&#8221;square&#8221; color=&#8221;juicy-pink&#8221; controls_size=&#8221;lg&#8221; active_section=&#8221;1&#8243;][vc_tta_section title=&#8221;How do we work?&#8221; tab_id=&#8221;1588844335367-30ea5d66-2b78&#8243;][vc_column_text]We begin each case by contacting the customer \u2013 by phone, by e-mail or in person \u2013 to meet your needs, determine the type of task to be performed, indicate possible solutions and get back to you with the quote and timing.<\/p>\n<p>During our further cooperation we contact you mainly by phone or e-mail, providing you with the results of our work on an ongoing basis. Obviously, we may always organise a meeting in one of our offices, or in a different place specified by you.<\/p>\n<p>We use the latest CAD graphic design software and programs for simulating evacuation conditions and fire development for the purpose of analysis of fire ventilation systems (CFD).<\/p>\n<p>When the final version of work has been approved, we will provide you with complete documentation.<\/p>\n<p>At your request, based on the appropriate power of attorney, we may represent you before public administration bodies, for example when it is necessary to obtain certain agreements or permits related to the documents prepared by us.[\/vc_column_text][\/vc_tta_section][vc_tta_section title=&#8221;Why is it worth cooperating with us?&#8221; tab_id=&#8221;1588844335406-742e4512-0223&#8243;][vc_column_text]We are a constantly developing team based on a group of specialists in their fields for whom this activity is both work and passion. We provide you with the best solutions in the area of fire protection and safety, using the latest engineering developments. We have long-term experience in fire protection, including both fire prevention and firefighting. We constantly develop our potential by taking part in trainings and conferences, as well as completing thematic postgraduate studies. Every satisfied customer is our success.[\/vc_column_text][\/vc_tta_section][vc_tta_section title=&#8221;Who do we cooperate with?&#8221; tab_id=&#8221;1588844594125-79967259-ecd1&#8243;][vc_column_text]We cooperate with the market-leading service providers in the field of fire ventilation, passive safety systems, fixed fire-fighting equipment, emergency lighting, voice alarm systems and fire alarm systems. We are in regular contact with experts and scientists in specific fields related to fire protection and construction (including construction experts). Therefore, we are able to offer you practically a full range of services in the field of fire protection.[\/vc_column_text][\/vc_tta_section][vc_tta_section title=&#8221;What is CFD simulation performed for? What is it?&#8221; tab_id=&#8221;1588844610246-ee5a99d8-a651&#8243;][vc_column_text]CFD (Computational Fluid Dynamics) numerical simulation is a method for digital verification of model development of fire in a particular structure. It allows to specify the length of time required for safe evacuation of people staying in the building, check the efficiency of the designed fire ventilation, as well as determine the minimum requirements for the building structure, e.g. regarding its load-bearing capacity.<\/p>\n<p>The models prepared by us present the distribution of temperature, visibility and spread of fire, as well as spread of smoke and heat exchange. We perform a numerical analysis especially for the design of halls, warehouses, garages, atriums, shopping malls and other places where a significant number of people stay.[\/vc_column_text][\/vc_tta_section][vc_tta_section title=&#8221;What are the prices of services offered by us?&#8221; tab_id=&#8221;1588844641329-2ce3430d-a1c5&#8243;][vc_column_text]In each case of our activity, the first stage is to get fully familiar with the customer\u2019s needs and indicate the most optimum solutions to meet them. For this reason, we are unable to determine the price list for our services in advance. This is due to a different level of complexity of a specific issue, as well as initial lack of knowledge about the documentation possessed by the Customer that may be used for performance of the task. Therefore, each service is calculated individually and not implemented until the ordering party has approved the costs.[\/vc_column_text][\/vc_tta_section][vc_tta_section title=&#8221;How long does it take to complete an order?&#8221; tab_id=&#8221;1588844628648-30e42fb4-40af&#8221;][vc_column_text]We always try to operate as quickly as possible, and at the same time, slowly enough to maintain the proper level of diligence. We realise that \u201ctime is money\u201d. For example, it may take a few days to agree on simple construction projects, whereas performance of a complex CFD simulation combined with a technical expert opinion may last up to several weeks. We always specify the order completion date in the contract, so that the Customer may comfortably plan their further investment.[\/vc_column_text][\/vc_tta_section][\/vc_tta_tour][\/vc_column][\/vc_row][vc_row full_width=&#8221;stretch_row&#8221; content_placement=&#8221;middle&#8221; css=&#8221;.vc_custom_1592462805477{padding-top: 80px !important;padding-bottom: 60px !important;background-color: #e21e13 !important;}&#8221;][vc_column offset=&#8221;vc_col-lg-6 vc_col-md-6&#8243; css=&#8221;.vc_custom_1588240851574{padding-bottom: 20px !important;}&#8221;]<div id=\"ultimate-heading-202569e380a75372f\" class=\"uvc-heading ult-adjust-bottom-margin ultimate-heading-202569e380a75372f uvc-5907  uvc-heading-default-font-sizes\" data-hspacer=\"no_spacer\"  data-halign=\"left\" style=\"text-align:left\"><div class=\"uvc-heading-spacer no_spacer\" style=\"top\"><\/div><div class=\"uvc-main-heading ult-responsive\"  data-ultimate-target='.uvc-heading.ultimate-heading-202569e380a75372f h2'  data-responsive-json-new='{\"font-size\":\"\",\"line-height\":\"\"}' ><h2 style=\"font-weight:bold;color:#ffffff;margin-bottom:0px;\">Didn't find the answer to your questions?<\/h2><\/div><\/div>[\/vc_column][vc_column offset=&#8221;vc_col-lg-6 vc_col-md-6 vc_col-xs-12&#8243; css=&#8221;.vc_custom_1588240865823{padding-bottom: 20px !important;}&#8221;]<style type=\"text\/css\" data-type=\"the7_shortcodes-inline-css\">#default-btn-0e41aaf90ef670a6f03560a501291fe8 {\n  border-radius: 100px;\n  font-size: 16px;\n  line-height: 18px;\n}\n.btn-shadow#default-btn-0e41aaf90ef670a6f03560a501291fe8 {\n  box-shadow: 0 1px 6px rgba(0,0,0,0.12);\n  transition: box-shadow 0.2s ease-out, opacity 0.45s;\n}\n.btn-shadow#default-btn-0e41aaf90ef670a6f03560a501291fe8:hover {\n  box-shadow: 0 5px 11px 0 rgba(0,0,0,0.18), 0 4px 15px 0 rgba(0,0,0,0.15);\n}\n.btn-3d#default-btn-0e41aaf90ef670a6f03560a501291fe8 {\n  box-shadow: 0px 2px 0px 0px #972721;\n}\n.btn-3d#default-btn-0e41aaf90ef670a6f03560a501291fe8:hover {\n  box-shadow: 0px 2px 0px 0px #e0e0e0;\n}\n.btn-flat#default-btn-0e41aaf90ef670a6f03560a501291fe8 {\n  box-shadow: none;\n}\n.btn-flat#default-btn-0e41aaf90ef670a6f03560a501291fe8:hover {\n  box-shadow: none;\n}\n#default-btn-0e41aaf90ef670a6f03560a501291fe8.ico-right-side > i {\n  margin-right: 0px;\n  margin-left: 8px;\n}\n#default-btn-0e41aaf90ef670a6f03560a501291fe8 > i {\n  margin-right: 8px;\n  font-size: 16px;\n}\n#default-btn-0e41aaf90ef670a6f03560a501291fe8:not(:hover) {\n  border-width: 3px;\n  border-color: #ffffff !important;\n  color: #ffffff;\n  background: #e21e13 !important;\n  padding: 16px 10px 16px 10px;\n}\n#default-btn-0e41aaf90ef670a6f03560a501291fe8:not(:hover) * {\n  color: #ffffff;\n}\n#default-btn-0e41aaf90ef670a6f03560a501291fe8:hover {\n  border-width: 3px;\n  border-color: #ffffff !important;\n  color: #000000;\n  background: #ffffff !important;\n  padding: 16px 10px 16px 10px;\n}\n#default-btn-0e41aaf90ef670a6f03560a501291fe8:hover * {\n  color: #000000;\n}\n#default-btn-0e41aaf90ef670a6f03560a501291fe8.ico-right-side > i {\n  margin-right: 0px;\n  margin-left: 8px;\n}\n#default-btn-0e41aaf90ef670a6f03560a501291fe8 > i {\n  margin-right: 8px;\n}<\/style><div class=\"btn-align-center\"><a href=\"\/en\/contact\/\" class=\"default-btn-shortcode dt-btn link-hover-off ico-right-side btn-flat \" id=\"default-btn-0e41aaf90ef670a6f03560a501291fe8\" style=\"width:240px;\"><span>Contact<\/span><i class=\"icomoon-the7-font-the7-mail-01\"><\/i><\/a><\/div>[\/vc_column][\/vc_row]<\/p>\n<\/div>","protected":false},"excerpt":{"rendered":"<p>[vc_row css=&#8221;.vc_custom_1575381975121{padding-top: 85px !important;padding-bottom: 55px !important;}&#8221;][vc_column css=&#8221;.vc_custom_1575381822868{padding-bottom: 30px !important;}&#8221;][vc_tta_tour shape=&#8221;square&#8221; color=&#8221;juicy-pink&#8221; controls_size=&#8221;lg&#8221; active_section=&#8221;1&#8243;][vc_tta_section title=&#8221;How do we work?&#8221; tab_id=&#8221;1588844335367-30ea5d66-2b78&#8243;][vc_column_text]We begin each case by contacting the customer \u2013 by phone, by e-mail or in person \u2013 to meet your needs, determine the type of task to be performed, indicate possible solutions and get back to you with&hellip;<\/p>\n","protected":false},"author":1,"featured_media":0,"parent":0,"menu_order":15,"comment_status":"closed","ping_status":"closed","template":"","meta":{"footnotes":""},"class_list":["post-4266","page","type-page","status-publish","hentry","description-off"],"yoast_head":"<!-- This site is optimized with the Yoast SEO plugin v26.6 - https:\/\/yoast.com\/wordpress\/plugins\/seo\/ -->\n<title>FAQ - CMFplus<\/title>\n<meta name=\"robots\" content=\"index, follow, max-snippet:-1, max-image-preview:large, max-video-preview:-1\" \/>\n<link rel=\"canonical\" href=\"https:\/\/cmfplus.pl\/faq\/\" \/>\n<meta property=\"og:locale\" content=\"en_US\" \/>\n<meta property=\"og:type\" content=\"article\" \/>\n<meta property=\"og:title\" content=\"FAQ - CMFplus\" \/>\n<meta property=\"og:description\" content=\"[vc_row css=&#8221;.vc_custom_1575381975121{padding-top: 85px !important;padding-bottom: 55px !important;}&#8221;][vc_column css=&#8221;.vc_custom_1575381822868{padding-bottom: 30px !important;}&#8221;][vc_tta_tour shape=&#8221;square&#8221; color=&#8221;juicy-pink&#8221; controls_size=&#8221;lg&#8221; active_section=&#8221;1&#8243;][vc_tta_section title=&#8221;How do we work?&#8221; tab_id=&#8221;1588844335367-30ea5d66-2b78&#8243;][vc_column_text]We begin each case by contacting the customer \u2013 by phone, by e-mail or in person \u2013 to meet your needs, determine the type of task to be performed, indicate possible solutions and get back to you with&hellip;\" \/>\n<meta property=\"og:url\" content=\"https:\/\/cmfplus.pl\/faq\/\" \/>\n<meta property=\"og:site_name\" content=\"CMFplus\" \/>\n<meta property=\"article:publisher\" content=\"https:\/\/www.facebook.com\/CMFplus-101019768281948\" \/>\n<meta property=\"article:modified_time\" content=\"2020-08-20T12:09:48+00:00\" \/>\n<meta name=\"twitter:card\" content=\"summary_large_image\" \/>\n<meta name=\"twitter:label1\" content=\"Est. reading time\" \/>\n\t<meta name=\"twitter:data1\" content=\"5 minutes\" \/>\n<script type=\"application\/ld+json\" class=\"yoast-schema-graph\">{\"@context\":\"https:\/\/schema.org\",\"@graph\":[{\"@type\":\"WebPage\",\"@id\":\"https:\/\/cmfplus.pl\/faq\/\",\"url\":\"https:\/\/cmfplus.pl\/faq\/\",\"name\":\"FAQ - CMFplus\",\"isPartOf\":{\"@id\":\"\/#website\"},\"datePublished\":\"2019-10-16T16:13:42+00:00\",\"dateModified\":\"2020-08-20T12:09:48+00:00\",\"breadcrumb\":{\"@id\":\"https:\/\/cmfplus.pl\/faq\/#breadcrumb\"},\"inLanguage\":\"en-US\",\"potentialAction\":[{\"@type\":\"ReadAction\",\"target\":[\"https:\/\/cmfplus.pl\/faq\/\"]}]},{\"@type\":\"BreadcrumbList\",\"@id\":\"https:\/\/cmfplus.pl\/faq\/#breadcrumb\",\"itemListElement\":[{\"@type\":\"ListItem\",\"position\":1,\"name\":\"Strona g\u0142\u00f3wna\",\"item\":\"https:\/\/cmfplus.pl\/en\/\"},{\"@type\":\"ListItem\",\"position\":2,\"name\":\"FAQ\"}]},{\"@type\":\"WebSite\",\"@id\":\"\/#website\",\"url\":\"\/\",\"name\":\"CMFplus\",\"description\":\"In\u017cynieria bezpiecze\u0144stwa przeciwpo\u017carowego\",\"publisher\":{\"@id\":\"\/#organization\"},\"potentialAction\":[{\"@type\":\"SearchAction\",\"target\":{\"@type\":\"EntryPoint\",\"urlTemplate\":\"\/?s={search_term_string}\"},\"query-input\":{\"@type\":\"PropertyValueSpecification\",\"valueRequired\":true,\"valueName\":\"search_term_string\"}}],\"inLanguage\":\"en-US\"},{\"@type\":\"Organization\",\"@id\":\"\/#organization\",\"name\":\"CMFplus Sp. z o.o.\",\"url\":\"\/\",\"logo\":{\"@type\":\"ImageObject\",\"inLanguage\":\"en-US\",\"@id\":\"\/#\/schema\/logo\/image\/\",\"url\":\"https:\/\/cmfplus.pl\/wp-content\/uploads\/2020\/09\/logo-ramka.png\",\"contentUrl\":\"https:\/\/cmfplus.pl\/wp-content\/uploads\/2020\/09\/logo-ramka.png\",\"width\":550,\"height\":550,\"caption\":\"CMFplus Sp. z o.o.\"},\"image\":{\"@id\":\"\/#\/schema\/logo\/image\/\"},\"sameAs\":[\"https:\/\/www.facebook.com\/CMFplus-101019768281948\",\"https:\/\/pl.linkedin.com\/company\/cmfplus-sp-z-o-o\"]}]}<\/script>\n<!-- \/ Yoast SEO plugin. -->","yoast_head_json":{"title":"FAQ - CMFplus","robots":{"index":"index","follow":"follow","max-snippet":"max-snippet:-1","max-image-preview":"max-image-preview:large","max-video-preview":"max-video-preview:-1"},"canonical":"https:\/\/cmfplus.pl\/faq\/","og_locale":"en_US","og_type":"article","og_title":"FAQ - CMFplus","og_description":"[vc_row css=&#8221;.vc_custom_1575381975121{padding-top: 85px !important;padding-bottom: 55px !important;}&#8221;][vc_column css=&#8221;.vc_custom_1575381822868{padding-bottom: 30px !important;}&#8221;][vc_tta_tour shape=&#8221;square&#8221; color=&#8221;juicy-pink&#8221; controls_size=&#8221;lg&#8221; active_section=&#8221;1&#8243;][vc_tta_section title=&#8221;How do we work?&#8221; tab_id=&#8221;1588844335367-30ea5d66-2b78&#8243;][vc_column_text]We begin each case by contacting the customer \u2013 by phone, by e-mail or in person \u2013 to meet your needs, determine the type of task to be performed, indicate possible solutions and get back to you with&hellip;","og_url":"https:\/\/cmfplus.pl\/faq\/","og_site_name":"CMFplus","article_publisher":"https:\/\/www.facebook.com\/CMFplus-101019768281948","article_modified_time":"2020-08-20T12:09:48+00:00","twitter_card":"summary_large_image","twitter_misc":{"Est. reading time":"5 minutes"},"schema":{"@context":"https:\/\/schema.org","@graph":[{"@type":"WebPage","@id":"https:\/\/cmfplus.pl\/faq\/","url":"https:\/\/cmfplus.pl\/faq\/","name":"FAQ - CMFplus","isPartOf":{"@id":"\/#website"},"datePublished":"2019-10-16T16:13:42+00:00","dateModified":"2020-08-20T12:09:48+00:00","breadcrumb":{"@id":"https:\/\/cmfplus.pl\/faq\/#breadcrumb"},"inLanguage":"en-US","potentialAction":[{"@type":"ReadAction","target":["https:\/\/cmfplus.pl\/faq\/"]}]},{"@type":"BreadcrumbList","@id":"https:\/\/cmfplus.pl\/faq\/#breadcrumb","itemListElement":[{"@type":"ListItem","position":1,"name":"Strona g\u0142\u00f3wna","item":"https:\/\/cmfplus.pl\/en\/"},{"@type":"ListItem","position":2,"name":"FAQ"}]},{"@type":"WebSite","@id":"\/#website","url":"\/","name":"CMFplus","description":"In\u017cynieria bezpiecze\u0144stwa przeciwpo\u017carowego","publisher":{"@id":"\/#organization"},"potentialAction":[{"@type":"SearchAction","target":{"@type":"EntryPoint","urlTemplate":"\/?s={search_term_string}"},"query-input":{"@type":"PropertyValueSpecification","valueRequired":true,"valueName":"search_term_string"}}],"inLanguage":"en-US"},{"@type":"Organization","@id":"\/#organization","name":"CMFplus Sp. z o.o.","url":"\/","logo":{"@type":"ImageObject","inLanguage":"en-US","@id":"\/#\/schema\/logo\/image\/","url":"https:\/\/cmfplus.pl\/wp-content\/uploads\/2020\/09\/logo-ramka.png","contentUrl":"https:\/\/cmfplus.pl\/wp-content\/uploads\/2020\/09\/logo-ramka.png","width":550,"height":550,"caption":"CMFplus Sp. z o.o."},"image":{"@id":"\/#\/schema\/logo\/image\/"},"sameAs":["https:\/\/www.facebook.com\/CMFplus-101019768281948","https:\/\/pl.linkedin.com\/company\/cmfplus-sp-z-o-o"]}]}},"_links":{"self":[{"href":"https:\/\/cmfplus.pl\/en\/wp-json\/wp\/v2\/pages\/4266","targetHints":{"allow":["GET"]}}],"collection":[{"href":"https:\/\/cmfplus.pl\/en\/wp-json\/wp\/v2\/pages"}],"about":[{"href":"https:\/\/cmfplus.pl\/en\/wp-json\/wp\/v2\/types\/page"}],"author":[{"embeddable":true,"href":"https:\/\/cmfplus.pl\/en\/wp-json\/wp\/v2\/users\/1"}],"replies":[{"embeddable":true,"href":"https:\/\/cmfplus.pl\/en\/wp-json\/wp\/v2\/comments?post=4266"}],"version-history":[{"count":2,"href":"https:\/\/cmfplus.pl\/en\/wp-json\/wp\/v2\/pages\/4266\/revisions"}],"predecessor-version":[{"id":4461,"href":"https:\/\/cmfplus.pl\/en\/wp-json\/wp\/v2\/pages\/4266\/revisions\/4461"}],"wp:attachment":[{"href":"https:\/\/cmfplus.pl\/en\/wp-json\/wp\/v2\/media?parent=4266"}],"curies":[{"name":"wp","href":"https:\/\/api.w.org\/{rel}","templated":true}]}}