{"id":4261,"date":"2020-04-30T10:08:02","date_gmt":"2020-04-30T08:08:02","guid":{"rendered":"http:\/\/cmfplus.fancybox.work\/?page_id=4261"},"modified":"2020-06-22T11:06:30","modified_gmt":"2020-06-22T09:06:30","slug":"drafting","status":"publish","type":"page","link":"https:\/\/cmfplus.pl\/en\/drafting\/","title":{"rendered":"Drafting"},"content":{"rendered":"<div class=\"wpb-content-wrapper\"><p>[vc_row content_placement=&#8221;middle&#8221; css=&#8221;.vc_custom_1575390546273{padding-top: 55px !important;padding-bottom: 55px !important;}&#8221;][vc_column][vc_row_inner equal_height=&#8221;yes&#8221; content_placement=&#8221;middle&#8221; el_class=&#8221;phone-reverse-col&#8221;][vc_column_inner width=&#8221;1\/2&#8243; css=&#8221;.vc_custom_1575390506246{margin-top: 30px !important;margin-bottom: 30px !important;}&#8221;]<div id=\"ultimate-heading-73156a05c41870b54\" class=\"uvc-heading ult-adjust-bottom-margin ultimate-heading-73156a05c41870b54 uvc-4645 offer-list uvc-heading-default-font-sizes\" data-hspacer=\"no_spacer\"  data-halign=\"left\" style=\"text-align:left\"><div class=\"uvc-heading-spacer no_spacer\" style=\"top\"><\/div><div class=\"uvc-sub-heading ult-responsive\"  data-ultimate-target='.uvc-heading.ultimate-heading-73156a05c41870b54 .uvc-sub-heading '  data-responsive-json-new='{\"font-size\":\"desktop:34px;\",\"line-height\":\"desktop:44px;\"}'  style=\"font-weight:bold;color:#222222;margin-bottom:30px;\">Drafting<\/div><\/div>[vc_column_text el_class=&#8221;offer-list&#8221;]<\/p>\n<ul>\n<li>drafting of architectural documentation with regard to fire safety,<\/li>\n<li>drafting of documentation of smoke venting and smoke prevention systems,<\/li>\n<li>drafting of documentation of fire alarm systems (FAS),<\/li>\n<li>drafting of documentation of voice alarm systems (VAS),<\/li>\n<li>drafting of documentation of emergency lighting systems,<\/li>\n<li>drafting of documentation of fire protection water supply systems (hydrant systems),<\/li>\n<li>drafting of documentation of fire sprinkler and drencher systems,<\/li>\n<li>drafting of documentation of gas extinguishing systems.<\/li>\n<\/ul>\n<p>[\/vc_column_text][\/vc_column_inner][vc_column_inner width=&#8221;1\/2&#8243; css=&#8221;.vc_custom_1591954064610{margin-top: 30px !important;margin-right: 25px !important;margin-bottom: 30px !important;margin-left: 25px !important;padding-top: 40% !important;padding-bottom: 40% !important;background-image: url(http:\/\/cmfplus.pl\/wp-content\/uploads\/2020\/06\/projektowanie.jpg?id=4149) !important;background-position: center !important;background-repeat: no-repeat !important;background-size: cover !important;}&#8221;][\/vc_column_inner][\/vc_row_inner][\/vc_column][\/vc_row][vc_row full_width=&#8221;stretch_row&#8221; equal_height=&#8221;yes&#8221; content_placement=&#8221;middle&#8221; css=&#8221;.vc_custom_1592401108244{padding-top: 80px !important;padding-bottom: 60px !important;background-color: #e21e13 !important;}&#8221;][vc_column offset=&#8221;vc_col-lg-4 vc_col-md-12&#8243; css=&#8221;.vc_custom_1575378589868{padding-bottom: 20px !important;}&#8221;]<div id=\"ultimate-heading-73286a05c41870ba9\" class=\"uvc-heading ult-adjust-bottom-margin ultimate-heading-73286a05c41870ba9 uvc-5354  uvc-heading-default-font-sizes\" data-hspacer=\"no_spacer\"  data-halign=\"center\" style=\"text-align:center\"><div class=\"uvc-heading-spacer no_spacer\" style=\"top\"><\/div><div class=\"uvc-main-heading ult-responsive\"  data-ultimate-target='.uvc-heading.ultimate-heading-73286a05c41870ba9 h2'  data-responsive-json-new='{\"font-size\":\"\",\"line-height\":\"\"}' ><h2 style=\"font-weight:bold;color:#ffffff;margin-bottom:0px;\">Do you have any questions?<\/h2><\/div><\/div>[\/vc_column][vc_column offset=&#8221;vc_col-lg-4 vc_col-md-12&#8243; css=&#8221;.vc_custom_1575378595138{padding-bottom: 20px !important;}&#8221;]<style type=\"text\/css\" data-type=\"the7_shortcodes-inline-css\">#default-btn-c9115774cb44a30c11add9ab787b641b {\n  border-radius: 100px;\n  font-size: 16px;\n  line-height: 18px;\n}\n.btn-shadow#default-btn-c9115774cb44a30c11add9ab787b641b {\n  box-shadow: 0 1px 6px rgba(0,0,0,0.12);\n  transition: box-shadow 0.2s ease-out, opacity 0.45s;\n}\n.btn-shadow#default-btn-c9115774cb44a30c11add9ab787b641b:hover {\n  box-shadow: 0 5px 11px 0 rgba(0,0,0,0.18), 0 4px 15px 0 rgba(0,0,0,0.15);\n}\n.btn-3d#default-btn-c9115774cb44a30c11add9ab787b641b:hover {\n  box-shadow: 0px 2px 0px 0px #e0e0e0;\n}\n.btn-flat#default-btn-c9115774cb44a30c11add9ab787b641b {\n  box-shadow: none;\n}\n.btn-flat#default-btn-c9115774cb44a30c11add9ab787b641b:hover {\n  box-shadow: none;\n}\n#default-btn-c9115774cb44a30c11add9ab787b641b.ico-right-side > i {\n  margin-right: 0px;\n  margin-left: 8px;\n}\n#default-btn-c9115774cb44a30c11add9ab787b641b > i {\n  margin-right: 8px;\n  font-size: 16px;\n}\n#default-btn-c9115774cb44a30c11add9ab787b641b:not(:hover) {\n  border-width: 3px;\n  border-color: #ffffff !important;\n  color: #ffffff;\n  background: none !important;\n  padding: 16px 10px 16px 10px;\n}\n#default-btn-c9115774cb44a30c11add9ab787b641b:not(:hover) * {\n  color: #ffffff;\n}\n#default-btn-c9115774cb44a30c11add9ab787b641b:hover {\n  border-width: 0px;\n  color: #000000;\n  background: #ffffff !important;\n  padding: 19px 13px 19px 13px;\n}\n#default-btn-c9115774cb44a30c11add9ab787b641b:hover * {\n  color: #000000;\n}\n#default-btn-c9115774cb44a30c11add9ab787b641b.ico-right-side > i {\n  margin-right: 0px;\n  margin-left: 8px;\n}\n#default-btn-c9115774cb44a30c11add9ab787b641b > i {\n  margin-right: 8px;\n}<\/style><div class=\"btn-align-center\"><a href=\"\/en\/contact\/\" class=\"default-btn-shortcode dt-btn link-hover-off ico-right-side btn-flat \" id=\"default-btn-c9115774cb44a30c11add9ab787b641b\" style=\"width:240px;\"><span>Contact<\/span><i class=\"icomoon-the7-font-the7-mail-01\"><\/i><\/a><\/div>[\/vc_column][vc_column offset=&#8221;vc_col-lg-4 vc_col-md-12 vc_col-xs-12&#8243; css=&#8221;.vc_custom_1575378844390{padding-bottom: 20px !important;}&#8221;]<div id=\"ultimate-heading-10056a05c41870cd9\" class=\"uvc-heading ult-adjust-bottom-margin ultimate-heading-10056a05c41870cd9 uvc-872 \" data-hspacer=\"no_spacer\"  data-halign=\"center\" style=\"text-align:center\"><div class=\"uvc-heading-spacer no_spacer\" style=\"top\"><\/div><div class=\"uvc-sub-heading ult-responsive\"  data-ultimate-target='.uvc-heading.ultimate-heading-10056a05c41870cd9 .uvc-sub-heading '  data-responsive-json-new='{\"font-size\":\"desktop:20px;\",\"line-height\":\"desktop:30px;\"}'  style=\"font-weight:normal;color:#148ba9;\"><a style=\"color: #fff; font-size: 24px; line-height: 34px; font-weight: bold;\" href=\"tel:+48 539 08 08 00\">+48 539 08 08 00<\/a><\/p>\n<p><a style=\"color: #fff;\" href=\"mailto:biuro@cmfplus.pl\">biuro@cmfplus.pl<\/a><\/p>\n<p><\/div><\/div>[\/vc_column][\/vc_row]<\/p>\n<\/div>","protected":false},"excerpt":{"rendered":"<p>[vc_row content_placement=&#8221;middle&#8221; css=&#8221;.vc_custom_1575390546273{padding-top: 55px !important;padding-bottom: 55px !important;}&#8221;][vc_column][vc_row_inner equal_height=&#8221;yes&#8221; content_placement=&#8221;middle&#8221; el_class=&#8221;phone-reverse-col&#8221;][vc_column_inner width=&#8221;1\/2&#8243; css=&#8221;.vc_custom_1575390506246{margin-top: 30px !important;margin-bottom: 30px !important;}&#8221;][vc_column_text el_class=&#8221;offer-list&#8221;] drafting of architectural documentation with regard to fire safety, drafting of documentation of smoke venting and smoke prevention systems, drafting of documentation of fire alarm systems (FAS), drafting of documentation of voice alarm systems (VAS), drafting of documentation&hellip;<\/p>\n","protected":false},"author":1,"featured_media":0,"parent":0,"menu_order":50,"comment_status":"closed","ping_status":"closed","template":"","meta":{"footnotes":""},"class_list":["post-4261","page","type-page","status-publish","hentry","description-off"],"yoast_head":"<!-- This site is optimized with the Yoast SEO plugin v26.6 - https:\/\/yoast.com\/wordpress\/plugins\/seo\/ -->\n<title>Drafting - CMFplus<\/title>\n<meta name=\"robots\" content=\"index, follow, max-snippet:-1, max-image-preview:large, max-video-preview:-1\" \/>\n<link rel=\"canonical\" href=\"https:\/\/cmfplus.pl\/projektowanie\/\" \/>\n<meta property=\"og:locale\" content=\"en_US\" \/>\n<meta property=\"og:type\" content=\"article\" \/>\n<meta property=\"og:title\" content=\"Drafting - CMFplus\" \/>\n<meta property=\"og:description\" content=\"[vc_row content_placement=&#8221;middle&#8221; css=&#8221;.vc_custom_1575390546273{padding-top: 55px !important;padding-bottom: 55px !important;}&#8221;][vc_column][vc_row_inner equal_height=&#8221;yes&#8221; content_placement=&#8221;middle&#8221; el_class=&#8221;phone-reverse-col&#8221;][vc_column_inner width=&#8221;1\/2&#8243; css=&#8221;.vc_custom_1575390506246{margin-top: 30px !important;margin-bottom: 30px !important;}&#8221;][vc_column_text el_class=&#8221;offer-list&#8221;] drafting of architectural documentation with regard to fire safety, drafting of documentation of smoke venting and smoke prevention systems, drafting of documentation of fire alarm systems (FAS), drafting of documentation of voice alarm systems (VAS), drafting of documentation&hellip;\" \/>\n<meta property=\"og:url\" content=\"https:\/\/cmfplus.pl\/projektowanie\/\" \/>\n<meta property=\"og:site_name\" content=\"CMFplus\" \/>\n<meta property=\"article:publisher\" content=\"https:\/\/www.facebook.com\/CMFplus-101019768281948\" \/>\n<meta property=\"article:modified_time\" content=\"2020-06-22T09:06:30+00:00\" \/>\n<meta name=\"twitter:card\" content=\"summary_large_image\" \/>\n<meta name=\"twitter:label1\" content=\"Est. reading time\" \/>\n\t<meta name=\"twitter:data1\" content=\"2 minutes\" \/>\n<script type=\"application\/ld+json\" class=\"yoast-schema-graph\">{\"@context\":\"https:\/\/schema.org\",\"@graph\":[{\"@type\":\"WebPage\",\"@id\":\"https:\/\/cmfplus.pl\/projektowanie\/\",\"url\":\"https:\/\/cmfplus.pl\/projektowanie\/\",\"name\":\"Drafting - CMFplus\",\"isPartOf\":{\"@id\":\"\/#website\"},\"datePublished\":\"2020-04-30T08:08:02+00:00\",\"dateModified\":\"2020-06-22T09:06:30+00:00\",\"breadcrumb\":{\"@id\":\"https:\/\/cmfplus.pl\/projektowanie\/#breadcrumb\"},\"inLanguage\":\"en-US\",\"potentialAction\":[{\"@type\":\"ReadAction\",\"target\":[\"https:\/\/cmfplus.pl\/projektowanie\/\"]}]},{\"@type\":\"BreadcrumbList\",\"@id\":\"https:\/\/cmfplus.pl\/projektowanie\/#breadcrumb\",\"itemListElement\":[{\"@type\":\"ListItem\",\"position\":1,\"name\":\"Strona g\u0142\u00f3wna\",\"item\":\"https:\/\/cmfplus.pl\/en\/\"},{\"@type\":\"ListItem\",\"position\":2,\"name\":\"Drafting\"}]},{\"@type\":\"WebSite\",\"@id\":\"\/#website\",\"url\":\"\/\",\"name\":\"CMFplus\",\"description\":\"In\u017cynieria bezpiecze\u0144stwa przeciwpo\u017carowego\",\"publisher\":{\"@id\":\"\/#organization\"},\"potentialAction\":[{\"@type\":\"SearchAction\",\"target\":{\"@type\":\"EntryPoint\",\"urlTemplate\":\"\/?s={search_term_string}\"},\"query-input\":{\"@type\":\"PropertyValueSpecification\",\"valueRequired\":true,\"valueName\":\"search_term_string\"}}],\"inLanguage\":\"en-US\"},{\"@type\":\"Organization\",\"@id\":\"\/#organization\",\"name\":\"CMFplus Sp. z o.o.\",\"url\":\"\/\",\"logo\":{\"@type\":\"ImageObject\",\"inLanguage\":\"en-US\",\"@id\":\"\/#\/schema\/logo\/image\/\",\"url\":\"https:\/\/cmfplus.pl\/wp-content\/uploads\/2020\/09\/logo-ramka.png\",\"contentUrl\":\"https:\/\/cmfplus.pl\/wp-content\/uploads\/2020\/09\/logo-ramka.png\",\"width\":550,\"height\":550,\"caption\":\"CMFplus Sp. z o.o.\"},\"image\":{\"@id\":\"\/#\/schema\/logo\/image\/\"},\"sameAs\":[\"https:\/\/www.facebook.com\/CMFplus-101019768281948\",\"https:\/\/pl.linkedin.com\/company\/cmfplus-sp-z-o-o\"]}]}<\/script>\n<!-- \/ Yoast SEO plugin. -->","yoast_head_json":{"title":"Drafting - CMFplus","robots":{"index":"index","follow":"follow","max-snippet":"max-snippet:-1","max-image-preview":"max-image-preview:large","max-video-preview":"max-video-preview:-1"},"canonical":"https:\/\/cmfplus.pl\/projektowanie\/","og_locale":"en_US","og_type":"article","og_title":"Drafting - CMFplus","og_description":"[vc_row content_placement=&#8221;middle&#8221; css=&#8221;.vc_custom_1575390546273{padding-top: 55px !important;padding-bottom: 55px !important;}&#8221;][vc_column][vc_row_inner equal_height=&#8221;yes&#8221; content_placement=&#8221;middle&#8221; el_class=&#8221;phone-reverse-col&#8221;][vc_column_inner width=&#8221;1\/2&#8243; css=&#8221;.vc_custom_1575390506246{margin-top: 30px !important;margin-bottom: 30px !important;}&#8221;][vc_column_text el_class=&#8221;offer-list&#8221;] drafting of architectural documentation with regard to fire safety, drafting of documentation of smoke venting and smoke prevention systems, drafting of documentation of fire alarm systems (FAS), drafting of documentation of voice alarm systems (VAS), drafting of documentation&hellip;","og_url":"https:\/\/cmfplus.pl\/projektowanie\/","og_site_name":"CMFplus","article_publisher":"https:\/\/www.facebook.com\/CMFplus-101019768281948","article_modified_time":"2020-06-22T09:06:30+00:00","twitter_card":"summary_large_image","twitter_misc":{"Est. reading time":"2 minutes"},"schema":{"@context":"https:\/\/schema.org","@graph":[{"@type":"WebPage","@id":"https:\/\/cmfplus.pl\/projektowanie\/","url":"https:\/\/cmfplus.pl\/projektowanie\/","name":"Drafting - CMFplus","isPartOf":{"@id":"\/#website"},"datePublished":"2020-04-30T08:08:02+00:00","dateModified":"2020-06-22T09:06:30+00:00","breadcrumb":{"@id":"https:\/\/cmfplus.pl\/projektowanie\/#breadcrumb"},"inLanguage":"en-US","potentialAction":[{"@type":"ReadAction","target":["https:\/\/cmfplus.pl\/projektowanie\/"]}]},{"@type":"BreadcrumbList","@id":"https:\/\/cmfplus.pl\/projektowanie\/#breadcrumb","itemListElement":[{"@type":"ListItem","position":1,"name":"Strona g\u0142\u00f3wna","item":"https:\/\/cmfplus.pl\/en\/"},{"@type":"ListItem","position":2,"name":"Drafting"}]},{"@type":"WebSite","@id":"\/#website","url":"\/","name":"CMFplus","description":"In\u017cynieria bezpiecze\u0144stwa przeciwpo\u017carowego","publisher":{"@id":"\/#organization"},"potentialAction":[{"@type":"SearchAction","target":{"@type":"EntryPoint","urlTemplate":"\/?s={search_term_string}"},"query-input":{"@type":"PropertyValueSpecification","valueRequired":true,"valueName":"search_term_string"}}],"inLanguage":"en-US"},{"@type":"Organization","@id":"\/#organization","name":"CMFplus Sp. z o.o.","url":"\/","logo":{"@type":"ImageObject","inLanguage":"en-US","@id":"\/#\/schema\/logo\/image\/","url":"https:\/\/cmfplus.pl\/wp-content\/uploads\/2020\/09\/logo-ramka.png","contentUrl":"https:\/\/cmfplus.pl\/wp-content\/uploads\/2020\/09\/logo-ramka.png","width":550,"height":550,"caption":"CMFplus Sp. z o.o."},"image":{"@id":"\/#\/schema\/logo\/image\/"},"sameAs":["https:\/\/www.facebook.com\/CMFplus-101019768281948","https:\/\/pl.linkedin.com\/company\/cmfplus-sp-z-o-o"]}]}},"_links":{"self":[{"href":"https:\/\/cmfplus.pl\/en\/wp-json\/wp\/v2\/pages\/4261","targetHints":{"allow":["GET"]}}],"collection":[{"href":"https:\/\/cmfplus.pl\/en\/wp-json\/wp\/v2\/pages"}],"about":[{"href":"https:\/\/cmfplus.pl\/en\/wp-json\/wp\/v2\/types\/page"}],"author":[{"embeddable":true,"href":"https:\/\/cmfplus.pl\/en\/wp-json\/wp\/v2\/users\/1"}],"replies":[{"embeddable":true,"href":"https:\/\/cmfplus.pl\/en\/wp-json\/wp\/v2\/comments?post=4261"}],"version-history":[{"count":0,"href":"https:\/\/cmfplus.pl\/en\/wp-json\/wp\/v2\/pages\/4261\/revisions"}],"wp:attachment":[{"href":"https:\/\/cmfplus.pl\/en\/wp-json\/wp\/v2\/media?parent=4261"}],"curies":[{"name":"wp","href":"https:\/\/api.w.org\/{rel}","templated":true}]}}