{"id":4257,"date":"2020-04-30T09:58:30","date_gmt":"2020-04-30T07:58:30","guid":{"rendered":"http:\/\/cmfplus.fancybox.work\/?page_id=4257"},"modified":"2020-06-22T10:59:08","modified_gmt":"2020-06-22T08:59:08","slug":"technical-expert-judgements-exceptions-from-the-applicable-regulations","status":"publish","type":"page","link":"https:\/\/cmfplus.pl\/en\/technical-expert-judgements-exceptions-from-the-applicable-regulations\/","title":{"rendered":"Technical expert judgements \u2013 exceptions from the applicable regulations"},"content":{"rendered":"<div class=\"wpb-content-wrapper\"><p>[vc_row content_placement=&#8221;middle&#8221; css=&#8221;.vc_custom_1575390546273{padding-top: 55px !important;padding-bottom: 55px !important;}&#8221;][vc_column][vc_row_inner equal_height=&#8221;yes&#8221; content_placement=&#8221;middle&#8221; el_class=&#8221;phone-reverse-col&#8221;][vc_column_inner width=&#8221;1\/2&#8243; css=&#8221;.vc_custom_1575390506246{margin-top: 30px !important;margin-bottom: 30px !important;}&#8221;]<div id=\"ultimate-heading-890069e37f2776e3b\" class=\"uvc-heading ult-adjust-bottom-margin ultimate-heading-890069e37f2776e3b uvc-2623 offer-list uvc-heading-default-font-sizes\" data-hspacer=\"no_spacer\"  data-halign=\"left\" style=\"text-align:left\"><div class=\"uvc-heading-spacer no_spacer\" style=\"top\"><\/div><div class=\"uvc-sub-heading ult-responsive\"  data-ultimate-target='.uvc-heading.ultimate-heading-890069e37f2776e3b .uvc-sub-heading '  data-responsive-json-new='{\"font-size\":\"desktop:34px;\",\"line-height\":\"desktop:44px;\"}'  style=\"font-weight:bold;color:#222222;margin-bottom:30px;\">Technical expert judgements \u2013 exceptions from the applicable regulations<\/div><\/div>[vc_column_text el_class=&#8221;offer-list&#8221;]<\/p>\n<ul>\n<li>studies being basis for application to the Minister of Infrastructure and Development to obtain exception from technical and construction regulations under the Building Law<\/li>\n<li>expert judgements with regard to approval of replacement conditions against requirements of technical and construction regulations under \u00a72 par. 2 and 3a of \u201cTechnical requirements\u201d,<\/li>\n<li>expert judgements with regard to approval of replacement conditions against the required water supply,<\/li>\n<li>expert judgements with regard to approval of replacement conditions against the required fire access roads,<\/li>\n<li>expert judgements with regard to approval of replacement conditions for use of fire protection water supply systems (indoor hydrants, fire protection valves)<\/li>\n<li>expert judgements with regard to approval of replacement conditions against requirements of regulations concerning protection of warehouse bases and petrol stations.<\/li>\n<\/ul>\n<p>[\/vc_column_text][\/vc_column_inner][vc_column_inner width=&#8221;1\/2&#8243; css=&#8221;.vc_custom_1591953777891{margin-top: 30px !important;margin-right: 25px !important;margin-bottom: 30px !important;margin-left: 25px !important;padding-top: 40% !important;padding-bottom: 40% !important;background-image: url(http:\/\/cmfplus.pl\/wp-content\/uploads\/2020\/06\/ekspertyzy.jpg?id=4144) !important;background-position: center !important;background-repeat: no-repeat !important;background-size: cover !important;}&#8221;][\/vc_column_inner][\/vc_row_inner][\/vc_column][\/vc_row][vc_row full_width=&#8221;stretch_row&#8221; equal_height=&#8221;yes&#8221; content_placement=&#8221;middle&#8221; css=&#8221;.vc_custom_1592401108244{padding-top: 80px !important;padding-bottom: 60px !important;background-color: #e21e13 !important;}&#8221;][vc_column offset=&#8221;vc_col-lg-4 vc_col-md-12&#8243; css=&#8221;.vc_custom_1575378589868{padding-bottom: 20px !important;}&#8221;]<div id=\"ultimate-heading-44669e37f2776e91\" class=\"uvc-heading ult-adjust-bottom-margin ultimate-heading-44669e37f2776e91 uvc-8110  uvc-heading-default-font-sizes\" data-hspacer=\"no_spacer\"  data-halign=\"center\" style=\"text-align:center\"><div class=\"uvc-heading-spacer no_spacer\" style=\"top\"><\/div><div class=\"uvc-main-heading ult-responsive\"  data-ultimate-target='.uvc-heading.ultimate-heading-44669e37f2776e91 h2'  data-responsive-json-new='{\"font-size\":\"\",\"line-height\":\"\"}' ><h2 style=\"font-weight:bold;color:#ffffff;margin-bottom:0px;\">Do you have any questions?<\/h2><\/div><\/div>[\/vc_column][vc_column offset=&#8221;vc_col-lg-4 vc_col-md-12&#8243; css=&#8221;.vc_custom_1575378595138{padding-bottom: 20px !important;}&#8221;]<style type=\"text\/css\" data-type=\"the7_shortcodes-inline-css\">#default-btn-c9115774cb44a30c11add9ab787b641b {\n  border-radius: 100px;\n  font-size: 16px;\n  line-height: 18px;\n}\n.btn-shadow#default-btn-c9115774cb44a30c11add9ab787b641b {\n  box-shadow: 0 1px 6px rgba(0,0,0,0.12);\n  transition: box-shadow 0.2s ease-out, opacity 0.45s;\n}\n.btn-shadow#default-btn-c9115774cb44a30c11add9ab787b641b:hover {\n  box-shadow: 0 5px 11px 0 rgba(0,0,0,0.18), 0 4px 15px 0 rgba(0,0,0,0.15);\n}\n.btn-3d#default-btn-c9115774cb44a30c11add9ab787b641b:hover {\n  box-shadow: 0px 2px 0px 0px #e0e0e0;\n}\n.btn-flat#default-btn-c9115774cb44a30c11add9ab787b641b {\n  box-shadow: none;\n}\n.btn-flat#default-btn-c9115774cb44a30c11add9ab787b641b:hover {\n  box-shadow: none;\n}\n#default-btn-c9115774cb44a30c11add9ab787b641b.ico-right-side > i {\n  margin-right: 0px;\n  margin-left: 8px;\n}\n#default-btn-c9115774cb44a30c11add9ab787b641b > i {\n  margin-right: 8px;\n  font-size: 16px;\n}\n#default-btn-c9115774cb44a30c11add9ab787b641b:not(:hover) {\n  border-width: 3px;\n  border-color: #ffffff !important;\n  color: #ffffff;\n  background: none !important;\n  padding: 16px 10px 16px 10px;\n}\n#default-btn-c9115774cb44a30c11add9ab787b641b:not(:hover) * {\n  color: #ffffff;\n}\n#default-btn-c9115774cb44a30c11add9ab787b641b:hover {\n  border-width: 0px;\n  color: #000000;\n  background: #ffffff !important;\n  padding: 19px 13px 19px 13px;\n}\n#default-btn-c9115774cb44a30c11add9ab787b641b:hover * {\n  color: #000000;\n}\n#default-btn-c9115774cb44a30c11add9ab787b641b.ico-right-side > i {\n  margin-right: 0px;\n  margin-left: 8px;\n}\n#default-btn-c9115774cb44a30c11add9ab787b641b > i {\n  margin-right: 8px;\n}<\/style><div class=\"btn-align-center\"><a href=\"\/en\/contact\/\" class=\"default-btn-shortcode dt-btn link-hover-off ico-right-side btn-flat \" id=\"default-btn-c9115774cb44a30c11add9ab787b641b\" style=\"width:240px;\"><span>Contact<\/span><i class=\"icomoon-the7-font-the7-mail-01\"><\/i><\/a><\/div>[\/vc_column][vc_column offset=&#8221;vc_col-lg-4 vc_col-md-12 vc_col-xs-12&#8243; css=&#8221;.vc_custom_1575378844390{padding-bottom: 20px !important;}&#8221;]<div id=\"ultimate-heading-984669e37f2776fc7\" class=\"uvc-heading ult-adjust-bottom-margin ultimate-heading-984669e37f2776fc7 uvc-731 \" data-hspacer=\"no_spacer\"  data-halign=\"center\" style=\"text-align:center\"><div class=\"uvc-heading-spacer no_spacer\" style=\"top\"><\/div><div class=\"uvc-sub-heading ult-responsive\"  data-ultimate-target='.uvc-heading.ultimate-heading-984669e37f2776fc7 .uvc-sub-heading '  data-responsive-json-new='{\"font-size\":\"desktop:20px;\",\"line-height\":\"desktop:30px;\"}'  style=\"font-weight:normal;color:#148ba9;\"><a style=\"color: #fff; font-size: 24px; line-height: 34px; font-weight: bold;\" href=\"tel:+48 539 08 08 00\">+48 539 08 08 00<\/a><\/p>\n<p><a style=\"color: #fff;\" href=\"mailto:biuro@cmfplus.pl\">biuro@cmfplus.pl<\/a><\/p>\n<p><\/div><\/div>[\/vc_column][\/vc_row]<\/p>\n<\/div>","protected":false},"excerpt":{"rendered":"<p>[vc_row content_placement=&#8221;middle&#8221; css=&#8221;.vc_custom_1575390546273{padding-top: 55px !important;padding-bottom: 55px !important;}&#8221;][vc_column][vc_row_inner equal_height=&#8221;yes&#8221; content_placement=&#8221;middle&#8221; el_class=&#8221;phone-reverse-col&#8221;][vc_column_inner width=&#8221;1\/2&#8243; css=&#8221;.vc_custom_1575390506246{margin-top: 30px !important;margin-bottom: 30px !important;}&#8221;][vc_column_text el_class=&#8221;offer-list&#8221;] studies being basis for application to the Minister of Infrastructure and Development to obtain exception from technical and construction regulations under the Building Law expert judgements with regard to approval of replacement conditions against requirements of technical and&hellip;<\/p>\n","protected":false},"author":1,"featured_media":0,"parent":0,"menu_order":50,"comment_status":"closed","ping_status":"closed","template":"","meta":{"footnotes":""},"class_list":["post-4257","page","type-page","status-publish","hentry","description-off"],"yoast_head":"<!-- This site is optimized with the Yoast SEO plugin v26.6 - https:\/\/yoast.com\/wordpress\/plugins\/seo\/ -->\n<title>Technical expert judgements \u2013 exceptions from the applicable regulations - CMFplus<\/title>\n<meta name=\"robots\" content=\"index, follow, max-snippet:-1, max-image-preview:large, max-video-preview:-1\" \/>\n<link rel=\"canonical\" href=\"https:\/\/cmfplus.pl\/ekspertyzy-techniczne-odstepstwa-od-obowiazujacych-przepisow\/\" \/>\n<meta property=\"og:locale\" content=\"en_US\" \/>\n<meta property=\"og:type\" content=\"article\" \/>\n<meta property=\"og:title\" content=\"Technical expert judgements \u2013 exceptions from the applicable regulations - CMFplus\" \/>\n<meta property=\"og:description\" content=\"[vc_row content_placement=&#8221;middle&#8221; css=&#8221;.vc_custom_1575390546273{padding-top: 55px !important;padding-bottom: 55px !important;}&#8221;][vc_column][vc_row_inner equal_height=&#8221;yes&#8221; content_placement=&#8221;middle&#8221; el_class=&#8221;phone-reverse-col&#8221;][vc_column_inner width=&#8221;1\/2&#8243; css=&#8221;.vc_custom_1575390506246{margin-top: 30px !important;margin-bottom: 30px !important;}&#8221;][vc_column_text el_class=&#8221;offer-list&#8221;] studies being basis for application to the Minister of Infrastructure and Development to obtain exception from technical and construction regulations under the Building Law expert judgements with regard to approval of replacement conditions against requirements of technical and&hellip;\" \/>\n<meta property=\"og:url\" content=\"https:\/\/cmfplus.pl\/ekspertyzy-techniczne-odstepstwa-od-obowiazujacych-przepisow\/\" \/>\n<meta property=\"og:site_name\" content=\"CMFplus\" \/>\n<meta property=\"article:publisher\" content=\"https:\/\/www.facebook.com\/CMFplus-101019768281948\" \/>\n<meta property=\"article:modified_time\" content=\"2020-06-22T08:59:08+00:00\" \/>\n<meta name=\"twitter:card\" content=\"summary_large_image\" \/>\n<meta name=\"twitter:label1\" content=\"Est. reading time\" \/>\n\t<meta name=\"twitter:data1\" content=\"3 minutes\" \/>\n<script type=\"application\/ld+json\" class=\"yoast-schema-graph\">{\"@context\":\"https:\/\/schema.org\",\"@graph\":[{\"@type\":\"WebPage\",\"@id\":\"https:\/\/cmfplus.pl\/ekspertyzy-techniczne-odstepstwa-od-obowiazujacych-przepisow\/\",\"url\":\"https:\/\/cmfplus.pl\/ekspertyzy-techniczne-odstepstwa-od-obowiazujacych-przepisow\/\",\"name\":\"Technical expert judgements \u2013 exceptions from the applicable regulations - CMFplus\",\"isPartOf\":{\"@id\":\"\/#website\"},\"datePublished\":\"2020-04-30T07:58:30+00:00\",\"dateModified\":\"2020-06-22T08:59:08+00:00\",\"breadcrumb\":{\"@id\":\"https:\/\/cmfplus.pl\/ekspertyzy-techniczne-odstepstwa-od-obowiazujacych-przepisow\/#breadcrumb\"},\"inLanguage\":\"en-US\",\"potentialAction\":[{\"@type\":\"ReadAction\",\"target\":[\"https:\/\/cmfplus.pl\/ekspertyzy-techniczne-odstepstwa-od-obowiazujacych-przepisow\/\"]}]},{\"@type\":\"BreadcrumbList\",\"@id\":\"https:\/\/cmfplus.pl\/ekspertyzy-techniczne-odstepstwa-od-obowiazujacych-przepisow\/#breadcrumb\",\"itemListElement\":[{\"@type\":\"ListItem\",\"position\":1,\"name\":\"Strona g\u0142\u00f3wna\",\"item\":\"https:\/\/cmfplus.pl\/en\/\"},{\"@type\":\"ListItem\",\"position\":2,\"name\":\"Technical expert judgements \u2013 exceptions from the applicable regulations\"}]},{\"@type\":\"WebSite\",\"@id\":\"\/#website\",\"url\":\"\/\",\"name\":\"CMFplus\",\"description\":\"In\u017cynieria bezpiecze\u0144stwa przeciwpo\u017carowego\",\"publisher\":{\"@id\":\"\/#organization\"},\"potentialAction\":[{\"@type\":\"SearchAction\",\"target\":{\"@type\":\"EntryPoint\",\"urlTemplate\":\"\/?s={search_term_string}\"},\"query-input\":{\"@type\":\"PropertyValueSpecification\",\"valueRequired\":true,\"valueName\":\"search_term_string\"}}],\"inLanguage\":\"en-US\"},{\"@type\":\"Organization\",\"@id\":\"\/#organization\",\"name\":\"CMFplus Sp. z o.o.\",\"url\":\"\/\",\"logo\":{\"@type\":\"ImageObject\",\"inLanguage\":\"en-US\",\"@id\":\"\/#\/schema\/logo\/image\/\",\"url\":\"https:\/\/cmfplus.pl\/wp-content\/uploads\/2020\/09\/logo-ramka.png\",\"contentUrl\":\"https:\/\/cmfplus.pl\/wp-content\/uploads\/2020\/09\/logo-ramka.png\",\"width\":550,\"height\":550,\"caption\":\"CMFplus Sp. z o.o.\"},\"image\":{\"@id\":\"\/#\/schema\/logo\/image\/\"},\"sameAs\":[\"https:\/\/www.facebook.com\/CMFplus-101019768281948\",\"https:\/\/pl.linkedin.com\/company\/cmfplus-sp-z-o-o\"]}]}<\/script>\n<!-- \/ Yoast SEO plugin. -->","yoast_head_json":{"title":"Technical expert judgements \u2013 exceptions from the applicable regulations - CMFplus","robots":{"index":"index","follow":"follow","max-snippet":"max-snippet:-1","max-image-preview":"max-image-preview:large","max-video-preview":"max-video-preview:-1"},"canonical":"https:\/\/cmfplus.pl\/ekspertyzy-techniczne-odstepstwa-od-obowiazujacych-przepisow\/","og_locale":"en_US","og_type":"article","og_title":"Technical expert judgements \u2013 exceptions from the applicable regulations - CMFplus","og_description":"[vc_row content_placement=&#8221;middle&#8221; css=&#8221;.vc_custom_1575390546273{padding-top: 55px !important;padding-bottom: 55px !important;}&#8221;][vc_column][vc_row_inner equal_height=&#8221;yes&#8221; content_placement=&#8221;middle&#8221; el_class=&#8221;phone-reverse-col&#8221;][vc_column_inner width=&#8221;1\/2&#8243; css=&#8221;.vc_custom_1575390506246{margin-top: 30px !important;margin-bottom: 30px !important;}&#8221;][vc_column_text el_class=&#8221;offer-list&#8221;] studies being basis for application to the Minister of Infrastructure and Development to obtain exception from technical and construction regulations under the Building Law expert judgements with regard to approval of replacement conditions against requirements of technical and&hellip;","og_url":"https:\/\/cmfplus.pl\/ekspertyzy-techniczne-odstepstwa-od-obowiazujacych-przepisow\/","og_site_name":"CMFplus","article_publisher":"https:\/\/www.facebook.com\/CMFplus-101019768281948","article_modified_time":"2020-06-22T08:59:08+00:00","twitter_card":"summary_large_image","twitter_misc":{"Est. reading time":"3 minutes"},"schema":{"@context":"https:\/\/schema.org","@graph":[{"@type":"WebPage","@id":"https:\/\/cmfplus.pl\/ekspertyzy-techniczne-odstepstwa-od-obowiazujacych-przepisow\/","url":"https:\/\/cmfplus.pl\/ekspertyzy-techniczne-odstepstwa-od-obowiazujacych-przepisow\/","name":"Technical expert judgements \u2013 exceptions from the applicable regulations - CMFplus","isPartOf":{"@id":"\/#website"},"datePublished":"2020-04-30T07:58:30+00:00","dateModified":"2020-06-22T08:59:08+00:00","breadcrumb":{"@id":"https:\/\/cmfplus.pl\/ekspertyzy-techniczne-odstepstwa-od-obowiazujacych-przepisow\/#breadcrumb"},"inLanguage":"en-US","potentialAction":[{"@type":"ReadAction","target":["https:\/\/cmfplus.pl\/ekspertyzy-techniczne-odstepstwa-od-obowiazujacych-przepisow\/"]}]},{"@type":"BreadcrumbList","@id":"https:\/\/cmfplus.pl\/ekspertyzy-techniczne-odstepstwa-od-obowiazujacych-przepisow\/#breadcrumb","itemListElement":[{"@type":"ListItem","position":1,"name":"Strona g\u0142\u00f3wna","item":"https:\/\/cmfplus.pl\/en\/"},{"@type":"ListItem","position":2,"name":"Technical expert judgements \u2013 exceptions from the applicable regulations"}]},{"@type":"WebSite","@id":"\/#website","url":"\/","name":"CMFplus","description":"In\u017cynieria bezpiecze\u0144stwa przeciwpo\u017carowego","publisher":{"@id":"\/#organization"},"potentialAction":[{"@type":"SearchAction","target":{"@type":"EntryPoint","urlTemplate":"\/?s={search_term_string}"},"query-input":{"@type":"PropertyValueSpecification","valueRequired":true,"valueName":"search_term_string"}}],"inLanguage":"en-US"},{"@type":"Organization","@id":"\/#organization","name":"CMFplus Sp. z o.o.","url":"\/","logo":{"@type":"ImageObject","inLanguage":"en-US","@id":"\/#\/schema\/logo\/image\/","url":"https:\/\/cmfplus.pl\/wp-content\/uploads\/2020\/09\/logo-ramka.png","contentUrl":"https:\/\/cmfplus.pl\/wp-content\/uploads\/2020\/09\/logo-ramka.png","width":550,"height":550,"caption":"CMFplus Sp. z o.o."},"image":{"@id":"\/#\/schema\/logo\/image\/"},"sameAs":["https:\/\/www.facebook.com\/CMFplus-101019768281948","https:\/\/pl.linkedin.com\/company\/cmfplus-sp-z-o-o"]}]}},"_links":{"self":[{"href":"https:\/\/cmfplus.pl\/en\/wp-json\/wp\/v2\/pages\/4257","targetHints":{"allow":["GET"]}}],"collection":[{"href":"https:\/\/cmfplus.pl\/en\/wp-json\/wp\/v2\/pages"}],"about":[{"href":"https:\/\/cmfplus.pl\/en\/wp-json\/wp\/v2\/types\/page"}],"author":[{"embeddable":true,"href":"https:\/\/cmfplus.pl\/en\/wp-json\/wp\/v2\/users\/1"}],"replies":[{"embeddable":true,"href":"https:\/\/cmfplus.pl\/en\/wp-json\/wp\/v2\/comments?post=4257"}],"version-history":[{"count":0,"href":"https:\/\/cmfplus.pl\/en\/wp-json\/wp\/v2\/pages\/4257\/revisions"}],"wp:attachment":[{"href":"https:\/\/cmfplus.pl\/en\/wp-json\/wp\/v2\/media?parent=4257"}],"curies":[{"name":"wp","href":"https:\/\/api.w.org\/{rel}","templated":true}]}}